{"id":952,"date":"2023-06-23T07:05:17","date_gmt":"2023-06-23T05:05:17","guid":{"rendered":"https:\/\/www.gbpbp.eu\/firma\/"},"modified":"2023-07-28T14:37:35","modified_gmt":"2023-07-28T12:37:35","slug":"company","status":"publish","type":"page","link":"https:\/\/www.gbpbp.eu\/en\/company\/","title":{"rendered":"company"},"content":{"rendered":"","protected":false},"excerpt":{"rendered":"","protected":false},"author":1,"featured_media":0,"parent":0,"menu_order":7,"comment_status":"closed","ping_status":"closed","template":"","meta":{"inline_featured_image":false,"footnotes":""},"class_list":["post-952","page","type-page","status-publish","hentry"],"acf":[],"yoast_head":"<!-- This site is optimized with the Yoast SEO plugin v26.2 - https:\/\/yoast.com\/wordpress\/plugins\/seo\/ -->\n<title>company - Gliwickie Biuro Projekt\u00f3w Budownictwa Przemys\u0142owego PROJPRZEM S.A.<\/title>\n<meta name=\"description\" content=\"Wiedza, do\u015bwiadczenie i tradycja to 3 filary, na kt\u00f3rych wybudowali\u015bmy Gliwickie Biuro Projekt\u00f3w Budownictwa Przemys\u0142owego PROJPRZEM S.A.\" \/>\n<meta name=\"robots\" content=\"index, follow, max-snippet:-1, max-image-preview:large, max-video-preview:-1\" \/>\n<link rel=\"canonical\" href=\"https:\/\/www.gbpbp.eu\/en\/company\/\" \/>\n<meta property=\"og:locale\" content=\"en_US\" \/>\n<meta property=\"og:type\" content=\"article\" \/>\n<meta property=\"og:title\" content=\"company - Gliwickie Biuro Projekt\u00f3w Budownictwa Przemys\u0142owego PROJPRZEM S.A.\" \/>\n<meta property=\"og:description\" content=\"Wiedza, do\u015bwiadczenie i tradycja to 3 filary, na kt\u00f3rych wybudowali\u015bmy Gliwickie Biuro Projekt\u00f3w Budownictwa Przemys\u0142owego PROJPRZEM S.A.\" \/>\n<meta property=\"og:url\" content=\"https:\/\/www.gbpbp.eu\/en\/company\/\" \/>\n<meta property=\"og:site_name\" content=\"Gliwickie Biuro Projekt\u00f3w Budownictwa Przemys\u0142owego PROJPRZEM S.A.\" \/>\n<meta property=\"article:publisher\" content=\"https:\/\/www.facebook.com\/profile.php?id=100063586270002\" \/>\n<meta property=\"article:modified_time\" content=\"2023-07-28T12:37:35+00:00\" \/>\n<meta property=\"og:image\" content=\"https:\/\/www.gbpbp.eu\/wp-content\/uploads\/2024\/03\/gbpbp_753.jpg\" \/>\n\t<meta property=\"og:image:width\" content=\"907\" \/>\n\t<meta property=\"og:image:height\" content=\"841\" \/>\n\t<meta property=\"og:image:type\" content=\"image\/jpeg\" \/>\n<meta name=\"twitter:card\" content=\"summary_large_image\" \/>\n<script type=\"application\/ld+json\" class=\"yoast-schema-graph\">{\"@context\":\"https:\/\/schema.org\",\"@graph\":[{\"@type\":\"WebPage\",\"@id\":\"https:\/\/www.gbpbp.eu\/en\/company\/\",\"url\":\"https:\/\/www.gbpbp.eu\/en\/company\/\",\"name\":\"company - Gliwickie Biuro Projekt\u00f3w Budownictwa Przemys\u0142owego PROJPRZEM S.A.\",\"isPartOf\":{\"@id\":\"https:\/\/www.gbpbp.eu\/#website\"},\"datePublished\":\"2023-06-23T05:05:17+00:00\",\"dateModified\":\"2023-07-28T12:37:35+00:00\",\"description\":\"Wiedza, do\u015bwiadczenie i tradycja to 3 filary, na kt\u00f3rych wybudowali\u015bmy Gliwickie Biuro Projekt\u00f3w Budownictwa Przemys\u0142owego PROJPRZEM S.A.\",\"breadcrumb\":{\"@id\":\"https:\/\/www.gbpbp.eu\/en\/company\/#breadcrumb\"},\"inLanguage\":\"en-US\",\"potentialAction\":[{\"@type\":\"ReadAction\",\"target\":[\"https:\/\/www.gbpbp.eu\/en\/company\/\"]}]},{\"@type\":\"BreadcrumbList\",\"@id\":\"https:\/\/www.gbpbp.eu\/en\/company\/#breadcrumb\",\"itemListElement\":[{\"@type\":\"ListItem\",\"position\":1,\"name\":\"Strona g\u0142\u00f3wna\",\"item\":\"https:\/\/www.gbpbp.eu\/en\/\"},{\"@type\":\"ListItem\",\"position\":2,\"name\":\"company\"}]},{\"@type\":\"WebSite\",\"@id\":\"https:\/\/www.gbpbp.eu\/#website\",\"url\":\"https:\/\/www.gbpbp.eu\/\",\"name\":\"Gliwickie Biuro Projekt\u00f3w Budownictwa Przemys\u0142owego PROJPRZEM S.A.\",\"description\":\"Realizujemy us\u0142ugi in\u017cynierskie na najwy\u017cszym poziomie\",\"publisher\":{\"@id\":\"https:\/\/www.gbpbp.eu\/#organization\"},\"potentialAction\":[{\"@type\":\"SearchAction\",\"target\":{\"@type\":\"EntryPoint\",\"urlTemplate\":\"https:\/\/www.gbpbp.eu\/?s={search_term_string}\"},\"query-input\":{\"@type\":\"PropertyValueSpecification\",\"valueRequired\":true,\"valueName\":\"search_term_string\"}}],\"inLanguage\":\"en-US\"},{\"@type\":\"Organization\",\"@id\":\"https:\/\/www.gbpbp.eu\/#organization\",\"name\":\"Gliwickie Biuro Projekt\u00f3w Budownictwa Przemys\u0142owego PROJPRZEM S.A.\",\"url\":\"https:\/\/www.gbpbp.eu\/\",\"logo\":{\"@type\":\"ImageObject\",\"inLanguage\":\"en-US\",\"@id\":\"https:\/\/www.gbpbp.eu\/#\/schema\/logo\/image\/\",\"url\":\"https:\/\/www.gbpbp.eu\/wp-content\/uploads\/2023\/04\/logo_809.svg\",\"contentUrl\":\"https:\/\/www.gbpbp.eu\/wp-content\/uploads\/2023\/04\/logo_809.svg\",\"width\":112,\"height\":39,\"caption\":\"Gliwickie Biuro Projekt\u00f3w Budownictwa Przemys\u0142owego PROJPRZEM S.A.\"},\"image\":{\"@id\":\"https:\/\/www.gbpbp.eu\/#\/schema\/logo\/image\/\"},\"sameAs\":[\"https:\/\/www.facebook.com\/profile.php?id=100063586270002\",\"https:\/\/www.linkedin.com\/company\/gbpbp-projprzem-s-a-\/\"]}]}<\/script>\n<!-- \/ Yoast SEO plugin. -->","yoast_head_json":{"title":"company - Gliwickie Biuro Projekt\u00f3w Budownictwa Przemys\u0142owego PROJPRZEM S.A.","description":"Wiedza, do\u015bwiadczenie i tradycja to 3 filary, na kt\u00f3rych wybudowali\u015bmy Gliwickie Biuro Projekt\u00f3w Budownictwa Przemys\u0142owego PROJPRZEM S.A.","robots":{"index":"index","follow":"follow","max-snippet":"max-snippet:-1","max-image-preview":"max-image-preview:large","max-video-preview":"max-video-preview:-1"},"canonical":"https:\/\/www.gbpbp.eu\/en\/company\/","og_locale":"en_US","og_type":"article","og_title":"company - Gliwickie Biuro Projekt\u00f3w Budownictwa Przemys\u0142owego PROJPRZEM S.A.","og_description":"Wiedza, do\u015bwiadczenie i tradycja to 3 filary, na kt\u00f3rych wybudowali\u015bmy Gliwickie Biuro Projekt\u00f3w Budownictwa Przemys\u0142owego PROJPRZEM S.A.","og_url":"https:\/\/www.gbpbp.eu\/en\/company\/","og_site_name":"Gliwickie Biuro Projekt\u00f3w Budownictwa Przemys\u0142owego PROJPRZEM S.A.","article_publisher":"https:\/\/www.facebook.com\/profile.php?id=100063586270002","article_modified_time":"2023-07-28T12:37:35+00:00","og_image":[{"width":907,"height":841,"url":"https:\/\/www.gbpbp.eu\/wp-content\/uploads\/2024\/03\/gbpbp_753.jpg","type":"image\/jpeg"}],"twitter_card":"summary_large_image","schema":{"@context":"https:\/\/schema.org","@graph":[{"@type":"WebPage","@id":"https:\/\/www.gbpbp.eu\/en\/company\/","url":"https:\/\/www.gbpbp.eu\/en\/company\/","name":"company - Gliwickie Biuro Projekt\u00f3w Budownictwa Przemys\u0142owego PROJPRZEM S.A.","isPartOf":{"@id":"https:\/\/www.gbpbp.eu\/#website"},"datePublished":"2023-06-23T05:05:17+00:00","dateModified":"2023-07-28T12:37:35+00:00","description":"Wiedza, do\u015bwiadczenie i tradycja to 3 filary, na kt\u00f3rych wybudowali\u015bmy Gliwickie Biuro Projekt\u00f3w Budownictwa Przemys\u0142owego PROJPRZEM S.A.","breadcrumb":{"@id":"https:\/\/www.gbpbp.eu\/en\/company\/#breadcrumb"},"inLanguage":"en-US","potentialAction":[{"@type":"ReadAction","target":["https:\/\/www.gbpbp.eu\/en\/company\/"]}]},{"@type":"BreadcrumbList","@id":"https:\/\/www.gbpbp.eu\/en\/company\/#breadcrumb","itemListElement":[{"@type":"ListItem","position":1,"name":"Strona g\u0142\u00f3wna","item":"https:\/\/www.gbpbp.eu\/en\/"},{"@type":"ListItem","position":2,"name":"company"}]},{"@type":"WebSite","@id":"https:\/\/www.gbpbp.eu\/#website","url":"https:\/\/www.gbpbp.eu\/","name":"Gliwickie Biuro Projekt\u00f3w Budownictwa Przemys\u0142owego PROJPRZEM S.A.","description":"Realizujemy us\u0142ugi in\u017cynierskie na najwy\u017cszym poziomie","publisher":{"@id":"https:\/\/www.gbpbp.eu\/#organization"},"potentialAction":[{"@type":"SearchAction","target":{"@type":"EntryPoint","urlTemplate":"https:\/\/www.gbpbp.eu\/?s={search_term_string}"},"query-input":{"@type":"PropertyValueSpecification","valueRequired":true,"valueName":"search_term_string"}}],"inLanguage":"en-US"},{"@type":"Organization","@id":"https:\/\/www.gbpbp.eu\/#organization","name":"Gliwickie Biuro Projekt\u00f3w Budownictwa Przemys\u0142owego PROJPRZEM S.A.","url":"https:\/\/www.gbpbp.eu\/","logo":{"@type":"ImageObject","inLanguage":"en-US","@id":"https:\/\/www.gbpbp.eu\/#\/schema\/logo\/image\/","url":"https:\/\/www.gbpbp.eu\/wp-content\/uploads\/2023\/04\/logo_809.svg","contentUrl":"https:\/\/www.gbpbp.eu\/wp-content\/uploads\/2023\/04\/logo_809.svg","width":112,"height":39,"caption":"Gliwickie Biuro Projekt\u00f3w Budownictwa Przemys\u0142owego PROJPRZEM S.A."},"image":{"@id":"https:\/\/www.gbpbp.eu\/#\/schema\/logo\/image\/"},"sameAs":["https:\/\/www.facebook.com\/profile.php?id=100063586270002","https:\/\/www.linkedin.com\/company\/gbpbp-projprzem-s-a-\/"]}]}},"_links":{"self":[{"href":"https:\/\/www.gbpbp.eu\/en\/wp-json\/wp\/v2\/pages\/952","targetHints":{"allow":["GET"]}}],"collection":[{"href":"https:\/\/www.gbpbp.eu\/en\/wp-json\/wp\/v2\/pages"}],"about":[{"href":"https:\/\/www.gbpbp.eu\/en\/wp-json\/wp\/v2\/types\/page"}],"author":[{"embeddable":true,"href":"https:\/\/www.gbpbp.eu\/en\/wp-json\/wp\/v2\/users\/1"}],"replies":[{"embeddable":true,"href":"https:\/\/www.gbpbp.eu\/en\/wp-json\/wp\/v2\/comments?post=952"}],"version-history":[{"count":1,"href":"https:\/\/www.gbpbp.eu\/en\/wp-json\/wp\/v2\/pages\/952\/revisions"}],"predecessor-version":[{"id":953,"href":"https:\/\/www.gbpbp.eu\/en\/wp-json\/wp\/v2\/pages\/952\/revisions\/953"}],"wp:attachment":[{"href":"https:\/\/www.gbpbp.eu\/en\/wp-json\/wp\/v2\/media?parent=952"}],"curies":[{"name":"wp","href":"https:\/\/api.w.org\/{rel}","templated":true}]}}